{"id":3036,"date":"2024-11-06T19:41:40","date_gmt":"2024-11-06T18:41:40","guid":{"rendered":"https:\/\/www.ipkagro.sk\/?page_id=3036"},"modified":"2024-11-06T20:29:04","modified_gmt":"2024-11-06T19:29:04","slug":"jacmene-ponuka-osiv","status":"publish","type":"page","link":"https:\/\/www.ipkagro.sk\/en\/jacmene-ponuka-osiv\/","title":{"rendered":"Ja\u010dmene &#8211; Ponuka os\u00edv"},"content":{"rendered":"\t\t<div data-elementor-type=\"wp-page\" data-elementor-id=\"3036\" class=\"elementor elementor-3036\">\n\t\t\t\t\t\t<section class=\"elementor-section elementor-top-section elementor-element elementor-element-b19aa0d elementor-section-boxed elementor-section-height-default elementor-section-height-default\" data-id=\"b19aa0d\" data-element_type=\"section\" data-e-type=\"section\" data-settings=\"{&quot;background_background&quot;:&quot;classic&quot;}\">\n\t\t\t\t\t\t\t<div class=\"elementor-background-overlay\"><\/div>\n\t\t\t\t\t\t\t<div class=\"elementor-container elementor-column-gap-no\">\n\t\t\t\t\t<div class=\"elementor-column elementor-col-100 elementor-top-column elementor-element elementor-element-bc6815c\" data-id=\"bc6815c\" data-element_type=\"column\" data-e-type=\"column\">\n\t\t\t<div class=\"elementor-widget-wrap elementor-element-populated\">\n\t\t\t\t\t\t<div class=\"elementor-element elementor-element-4187089 elementor-widget elementor-widget-heading\" data-id=\"4187089\" data-element_type=\"widget\" data-e-type=\"widget\" data-widget_type=\"heading.default\">\n\t\t\t\t<div class=\"elementor-widget-container\">\n\t\t\t\t\t<h1 class=\"elementor-heading-title elementor-size-default\">Ja\u010dmene<\/h1>\t\t\t\t<\/div>\n\t\t\t\t<\/div>\n\t\t\t\t<div class=\"elementor-element elementor-element-d7277c5 elementor-widget elementor-widget-text-editor\" data-id=\"d7277c5\" data-element_type=\"widget\" data-e-type=\"widget\" data-widget_type=\"text-editor.default\">\n\t\t\t\t<div class=\"elementor-widget-container\">\n\t\t\t\t\t\t\t\t\t<p><b>Top kvalita certifikovan\u00fdch os\u00edv \u010disten\u00e1 a moren\u00e1 na inovat\u00edvnej linke od nemeckej firmy PETKUS.<\/b><\/p>\t\t\t\t\t\t\t\t<\/div>\n\t\t\t\t<\/div>\n\t\t\t\t\t<\/div>\n\t\t<\/div>\n\t\t\t\t\t<\/div>\n\t\t<\/section>\n\t\t\t\t<section class=\"elementor-section elementor-top-section elementor-element elementor-element-2026a19 elementor-section-boxed elementor-section-height-default elementor-section-height-default\" data-id=\"2026a19\" data-element_type=\"section\" data-e-type=\"section\">\n\t\t\t\t\t\t<div class=\"elementor-container elementor-column-gap-no\">\n\t\t\t\t\t<div class=\"elementor-column elementor-col-50 elementor-top-column elementor-element elementor-element-1f2012e\" data-id=\"1f2012e\" data-element_type=\"column\" data-e-type=\"column\">\n\t\t\t<div class=\"elementor-widget-wrap elementor-element-populated\">\n\t\t\t\t\t\t<div class=\"elementor-element elementor-element-2fb7896 elementor-widget__width-auto elementor-widget elementor-widget-heading\" data-id=\"2fb7896\" data-element_type=\"widget\" data-e-type=\"widget\" data-widget_type=\"heading.default\">\n\t\t\t\t<div class=\"elementor-widget-container\">\n\t\t\t\t\t<h5 class=\"elementor-heading-title elementor-size-default\">novinka<\/h5>\t\t\t\t<\/div>\n\t\t\t\t<\/div>\n\t\t\t\t<div class=\"elementor-element elementor-element-78c4f28 elementor-widget elementor-widget-heading\" data-id=\"78c4f28\" data-element_type=\"widget\" data-e-type=\"widget\" data-widget_type=\"heading.default\">\n\t\t\t\t<div class=\"elementor-widget-container\">\n\t\t\t\t\t<h2 class=\"elementor-heading-title elementor-size-default\">LG TOSCA<\/h2>\t\t\t\t<\/div>\n\t\t\t\t<\/div>\n\t\t\t\t<div class=\"elementor-element elementor-element-5bf6ce7 elementor-widget-divider--view-line elementor-widget elementor-widget-divider\" data-id=\"5bf6ce7\" data-element_type=\"widget\" data-e-type=\"widget\" data-widget_type=\"divider.default\">\n\t\t\t\t<div class=\"elementor-widget-container\">\n\t\t\t\t\t\t\t<div class=\"elementor-divider\">\n\t\t\t<span class=\"elementor-divider-separator\">\n\t\t\t\t\t\t<\/span>\n\t\t<\/div>\n\t\t\t\t\t\t<\/div>\n\t\t\t\t<\/div>\n\t\t\t\t<div class=\"elementor-element elementor-element-b7c3692 elementor-widget elementor-widget-heading\" data-id=\"b7c3692\" data-element_type=\"widget\" data-e-type=\"widget\" data-widget_type=\"heading.default\">\n\t\t\t\t<div class=\"elementor-widget-container\">\n\t\t\t\t\t<h4 class=\"elementor-heading-title elementor-size-default\">Ja\u010dme\u0148 jarn\u00fd<\/h4>\t\t\t\t<\/div>\n\t\t\t\t<\/div>\n\t\t\t\t<div class=\"elementor-element elementor-element-c515fc5 elementor-widget elementor-widget-text-editor\" data-id=\"c515fc5\" data-element_type=\"widget\" data-e-type=\"widget\" data-widget_type=\"text-editor.default\">\n\t\t\t\t<div class=\"elementor-widget-container\">\n\t\t\t\t\t\t\t\t\t<ul>\n<li>naj\u00farodnej\u0161ia obchodovan\u00e1 sladovn\u00edcka odroda<\/li>\n<li> skor\u00e1 odno\u017eiv\u00e1 odroda s ve\u013emi dobr\u00fdmi pestovate\u013esk\u00fdmi\nvlastnos\u0165ami<\/li>\n<li>zaraden\u00e1 na Zelenej listine Heineken<\/li>\n<li>2. najpestovanej\u0161ia odroda v SR<\/li>\n<li>\u0161pi\u010dkov\u00e1 \u00faroda predn\u00e9ho zrna<\/li>\n<li> rezistentn\u00e1 proti m\u00fa\u010dnatke tr\u00e1vovej<\/li>\n<\/ul>\t\t\t\t\t\t\t\t<\/div>\n\t\t\t\t<\/div>\n\t\t\t\t<div class=\"elementor-element elementor-element-60e29f2 elementor-widget elementor-widget-image\" data-id=\"60e29f2\" data-element_type=\"widget\" data-e-type=\"widget\" data-widget_type=\"image.default\">\n\t\t\t\t<div class=\"elementor-widget-container\">\n\t\t\t\t\t\t\t\t\t\t\t\t\t\t\t<img decoding=\"async\" src=\"https:\/\/www.ipkagro.sk\/wp-content\/uploads\/elementor\/thumbs\/logo_limagrain_300-q8kthlgupwmxssr0aj61georp6gk7qrgdqsbrji7e0.jpg\" title=\"Logo Limagrain 300\" alt=\"Logo Limagrain 300\" loading=\"lazy\" \/>\t\t\t\t\t\t\t\t\t\t\t\t\t\t\t<\/div>\n\t\t\t\t<\/div>\n\t\t\t\t\t<\/div>\n\t\t<\/div>\n\t\t\t\t<div class=\"elementor-column elementor-col-50 elementor-top-column elementor-element elementor-element-f457e42\" data-id=\"f457e42\" data-element_type=\"column\" data-e-type=\"column\">\n\t\t\t<div class=\"elementor-widget-wrap elementor-element-populated\">\n\t\t\t\t\t\t<div class=\"elementor-element elementor-element-0778de5 elementor-widget elementor-widget-image-gallery\" data-id=\"0778de5\" data-element_type=\"widget\" data-e-type=\"widget\" data-widget_type=\"image-gallery.default\">\n\t\t\t\t<div class=\"elementor-widget-container\">\n\t\t\t\t\t\t\t<div class=\"elementor-image-gallery\">\n\t\t\t<div class=\"wpmf-gallerys wpmf-gallerys-life\"><div id=\"gallery-1\" class=\"gallery gallery_life wpmf_gallery_default gallery_default gallery-columns-2 gallery-size-medium_large gallery-link-file wpmf-has-border-radius-0 wpmf-gutterwidth-5\" data-lightbox-items=\"[{&quot;src&quot;:&quot;https:\\\/\\\/www.ipkagro.sk\\\/wp-content\\\/uploads\\\/2024\\\/11\\\/jacmen_tosca_stranka.jpg&quot;,&quot;type&quot;:&quot;image&quot;,&quot;title&quot;:&quot;Jacmen Tosca Stranka&quot;},{&quot;src&quot;:&quot;https:\\\/\\\/www.ipkagro.sk\\\/wp-content\\\/uploads\\\/2024\\\/11\\\/obilniny_jacmen_jarny_sladovnicky_tosca_SAN_2394_1600-1024x683.jpg&quot;,&quot;type&quot;:&quot;image&quot;,&quot;title&quot;:&quot;Obilniny Jacmen Jarny Sladovnicky Tosca SAN 2394 1600&quot;},{&quot;src&quot;:&quot;https:\\\/\\\/www.ipkagro.sk\\\/wp-content\\\/uploads\\\/2024\\\/11\\\/obilniny_jacmen_jarny_sladovnicky_tosca_SAN_2369_1600-1024x683.jpg&quot;,&quot;type&quot;:&quot;image&quot;,&quot;title&quot;:&quot;Obilniny Jacmen Jarny Sladovnicky Tosca SAN 2369 1600&quot;},{&quot;src&quot;:&quot;https:\\\/\\\/www.ipkagro.sk\\\/wp-content\\\/uploads\\\/2024\\\/11\\\/obilniny_jacmen_jarny_krmny_tosca_SAN_2277_1600-1024x683.jpg&quot;,&quot;type&quot;:&quot;image&quot;,&quot;title&quot;:&quot;Obilniny Jacmen Jarny Krmny Tosca SAN 2277 1600&quot;}]\"><figure class=\"wpmf-gallery-item\" data-index=\"0\"><div class=\"wpmf-gallery-icon\"><a class=\" not_video\" data-lightbox=\"1\" href=\"https:\/\/www.ipkagro.sk\/wp-content\/uploads\/2024\/11\/jacmen_tosca_stranka.jpg\" data-title=\"Jacmen Tosca Stranka\" target=\"_self\"><img fetchpriority=\"high\" decoding=\"async\" width=\"537\" height=\"624\" src=\"https:\/\/www.ipkagro.sk\/wp-content\/uploads\/2024\/11\/jacmen_tosca_stranka.jpg\" class=\"attachment-medium_large size-medium_large\" alt=\"\" data-type=\"wpmfgalleryimg\" data-lazy-src=\"0\" srcset=\"https:\/\/www.ipkagro.sk\/wp-content\/uploads\/2024\/11\/jacmen_tosca_stranka.jpg 537w, https:\/\/www.ipkagro.sk\/wp-content\/uploads\/2024\/11\/jacmen_tosca_stranka-258x300.jpg 258w, https:\/\/www.ipkagro.sk\/wp-content\/uploads\/2024\/11\/jacmen_tosca_stranka-10x12.jpg 10w\" sizes=\"(max-width: 537px) 100vw, 537px\" \/><\/a><\/div><\/figure><figure class=\"wpmf-gallery-item\" data-index=\"1\"><div class=\"wpmf-gallery-icon\"><a class=\" not_video\" data-lightbox=\"1\" href=\"https:\/\/www.ipkagro.sk\/wp-content\/uploads\/2024\/11\/obilniny_jacmen_jarny_sladovnicky_tosca_SAN_2394_1600-1024x683.jpg\" data-title=\"Obilniny Jacmen Jarny Sladovnicky Tosca SAN 2394 1600\" target=\"_self\"><img decoding=\"async\" width=\"768\" height=\"512\" src=\"https:\/\/www.ipkagro.sk\/wp-content\/uploads\/2024\/11\/obilniny_jacmen_jarny_sladovnicky_tosca_SAN_2394_1600-768x512.jpg\" class=\"attachment-medium_large size-medium_large\" alt=\"\" data-type=\"wpmfgalleryimg\" data-lazy-src=\"0\" srcset=\"https:\/\/www.ipkagro.sk\/wp-content\/uploads\/2024\/11\/obilniny_jacmen_jarny_sladovnicky_tosca_SAN_2394_1600-768x512.jpg 768w, https:\/\/www.ipkagro.sk\/wp-content\/uploads\/2024\/11\/obilniny_jacmen_jarny_sladovnicky_tosca_SAN_2394_1600-300x200.jpg 300w, https:\/\/www.ipkagro.sk\/wp-content\/uploads\/2024\/11\/obilniny_jacmen_jarny_sladovnicky_tosca_SAN_2394_1600-1024x683.jpg 1024w, https:\/\/www.ipkagro.sk\/wp-content\/uploads\/2024\/11\/obilniny_jacmen_jarny_sladovnicky_tosca_SAN_2394_1600-1536x1024.jpg 1536w, https:\/\/www.ipkagro.sk\/wp-content\/uploads\/2024\/11\/obilniny_jacmen_jarny_sladovnicky_tosca_SAN_2394_1600-18x12.jpg 18w, https:\/\/www.ipkagro.sk\/wp-content\/uploads\/2024\/11\/obilniny_jacmen_jarny_sladovnicky_tosca_SAN_2394_1600.jpg 1600w\" sizes=\"(max-width: 768px) 100vw, 768px\" \/><\/a><\/div><\/figure><figure class=\"wpmf-gallery-item\" data-index=\"2\"><div class=\"wpmf-gallery-icon\"><a class=\" not_video\" data-lightbox=\"1\" href=\"https:\/\/www.ipkagro.sk\/wp-content\/uploads\/2024\/11\/obilniny_jacmen_jarny_sladovnicky_tosca_SAN_2369_1600-1024x683.jpg\" data-title=\"Obilniny Jacmen Jarny Sladovnicky Tosca SAN 2369 1600\" target=\"_self\"><img decoding=\"async\" width=\"768\" height=\"512\" src=\"https:\/\/www.ipkagro.sk\/wp-content\/uploads\/2024\/11\/obilniny_jacmen_jarny_sladovnicky_tosca_SAN_2369_1600-768x512.jpg\" class=\"attachment-medium_large size-medium_large\" alt=\"\" data-type=\"wpmfgalleryimg\" data-lazy-src=\"0\" srcset=\"https:\/\/www.ipkagro.sk\/wp-content\/uploads\/2024\/11\/obilniny_jacmen_jarny_sladovnicky_tosca_SAN_2369_1600-768x512.jpg 768w, https:\/\/www.ipkagro.sk\/wp-content\/uploads\/2024\/11\/obilniny_jacmen_jarny_sladovnicky_tosca_SAN_2369_1600-300x200.jpg 300w, https:\/\/www.ipkagro.sk\/wp-content\/uploads\/2024\/11\/obilniny_jacmen_jarny_sladovnicky_tosca_SAN_2369_1600-1024x683.jpg 1024w, https:\/\/www.ipkagro.sk\/wp-content\/uploads\/2024\/11\/obilniny_jacmen_jarny_sladovnicky_tosca_SAN_2369_1600-1536x1024.jpg 1536w, https:\/\/www.ipkagro.sk\/wp-content\/uploads\/2024\/11\/obilniny_jacmen_jarny_sladovnicky_tosca_SAN_2369_1600-18x12.jpg 18w, https:\/\/www.ipkagro.sk\/wp-content\/uploads\/2024\/11\/obilniny_jacmen_jarny_sladovnicky_tosca_SAN_2369_1600.jpg 1600w\" sizes=\"(max-width: 768px) 100vw, 768px\" \/><\/a><\/div><\/figure><figure class=\"wpmf-gallery-item\" data-index=\"3\"><div class=\"wpmf-gallery-icon\"><a class=\" not_video\" data-lightbox=\"1\" href=\"https:\/\/www.ipkagro.sk\/wp-content\/uploads\/2024\/11\/obilniny_jacmen_jarny_krmny_tosca_SAN_2277_1600-1024x683.jpg\" data-title=\"Obilniny Jacmen Jarny Krmny Tosca SAN 2277 1600\" target=\"_self\"><img loading=\"lazy\" decoding=\"async\" width=\"768\" height=\"512\" src=\"https:\/\/www.ipkagro.sk\/wp-content\/uploads\/2024\/11\/obilniny_jacmen_jarny_krmny_tosca_SAN_2277_1600-768x512.jpg\" class=\"attachment-medium_large size-medium_large\" alt=\"\" data-type=\"wpmfgalleryimg\" data-lazy-src=\"0\" srcset=\"https:\/\/www.ipkagro.sk\/wp-content\/uploads\/2024\/11\/obilniny_jacmen_jarny_krmny_tosca_SAN_2277_1600-768x512.jpg 768w, https:\/\/www.ipkagro.sk\/wp-content\/uploads\/2024\/11\/obilniny_jacmen_jarny_krmny_tosca_SAN_2277_1600-300x200.jpg 300w, https:\/\/www.ipkagro.sk\/wp-content\/uploads\/2024\/11\/obilniny_jacmen_jarny_krmny_tosca_SAN_2277_1600-1024x683.jpg 1024w, https:\/\/www.ipkagro.sk\/wp-content\/uploads\/2024\/11\/obilniny_jacmen_jarny_krmny_tosca_SAN_2277_1600-1536x1024.jpg 1536w, https:\/\/www.ipkagro.sk\/wp-content\/uploads\/2024\/11\/obilniny_jacmen_jarny_krmny_tosca_SAN_2277_1600-18x12.jpg 18w, https:\/\/www.ipkagro.sk\/wp-content\/uploads\/2024\/11\/obilniny_jacmen_jarny_krmny_tosca_SAN_2277_1600.jpg 1600w\" sizes=\"(max-width: 768px) 100vw, 768px\" \/><\/a><\/div><\/figure><\/div><\/div>\t\t<\/div>\n\t\t\t\t\t\t<\/div>\n\t\t\t\t<\/div>\n\t\t\t\t\t<\/div>\n\t\t<\/div>\n\t\t\t\t\t<\/div>\n\t\t<\/section>\n\t\t\t\t<section class=\"elementor-section elementor-top-section elementor-element elementor-element-2002851 elementor-section-boxed elementor-section-height-default elementor-section-height-default\" data-id=\"2002851\" data-element_type=\"section\" data-e-type=\"section\">\n\t\t\t\t\t\t<div class=\"elementor-container elementor-column-gap-no\">\n\t\t\t\t\t<div class=\"elementor-column elementor-col-50 elementor-top-column elementor-element elementor-element-be7cbc9\" data-id=\"be7cbc9\" data-element_type=\"column\" data-e-type=\"column\">\n\t\t\t<div class=\"elementor-widget-wrap elementor-element-populated\">\n\t\t\t\t\t\t<div class=\"elementor-element elementor-element-358b475 elementor-widget elementor-widget-heading\" data-id=\"358b475\" data-element_type=\"widget\" data-e-type=\"widget\" data-widget_type=\"heading.default\">\n\t\t\t\t<div class=\"elementor-widget-container\">\n\t\t\t\t\t<h2 class=\"elementor-heading-title elementor-size-default\">LG SLOVAN<\/h2>\t\t\t\t<\/div>\n\t\t\t\t<\/div>\n\t\t\t\t<div class=\"elementor-element elementor-element-ca23488 elementor-widget-divider--view-line elementor-widget elementor-widget-divider\" data-id=\"ca23488\" data-element_type=\"widget\" data-e-type=\"widget\" data-widget_type=\"divider.default\">\n\t\t\t\t<div class=\"elementor-widget-container\">\n\t\t\t\t\t\t\t<div class=\"elementor-divider\">\n\t\t\t<span class=\"elementor-divider-separator\">\n\t\t\t\t\t\t<\/span>\n\t\t<\/div>\n\t\t\t\t\t\t<\/div>\n\t\t\t\t<\/div>\n\t\t\t\t<div class=\"elementor-element elementor-element-8d2892e elementor-widget elementor-widget-heading\" data-id=\"8d2892e\" data-element_type=\"widget\" data-e-type=\"widget\" data-widget_type=\"heading.default\">\n\t\t\t\t<div class=\"elementor-widget-container\">\n\t\t\t\t\t<h4 class=\"elementor-heading-title elementor-size-default\">Ja\u010dme\u0148 jarn\u00fd<\/h4>\t\t\t\t<\/div>\n\t\t\t\t<\/div>\n\t\t\t\t<div class=\"elementor-element elementor-element-bfe2cff elementor-widget elementor-widget-text-editor\" data-id=\"bfe2cff\" data-element_type=\"widget\" data-e-type=\"widget\" data-widget_type=\"text-editor.default\">\n\t\t\t\t<div class=\"elementor-widget-container\">\n\t\t\t\t\t\t\t\t\t<ul>\n<li>vysok\u00fd v\u00fdkon na poli aj v sladovni<\/li>\n<li>vysok\u00e1 \u00faroda predn\u00e9ho zrna<\/li>\n<li>zo \u017eatvy 2024 pl\u00e1nuje nakupova\u0165 aj Plze\u0148sk\u00fd Prazdroj a.s. pre Pivovar \u0160ari\u0161<\/li>\n<li>v\u00fdborn\u00fd zdravotn\u00fd stav vr\u00e1tane rezistencie proti m\u00fa\u010dnatke tr\u00e1vovej<\/li>\n<li>\u010cesk\u00e1 odroda vy\u0161\u013eachten\u00e1 v Hrub\u010diciach<\/li>\n<\/ul>\t\t\t\t\t\t\t\t<\/div>\n\t\t\t\t<\/div>\n\t\t\t\t<div class=\"elementor-element elementor-element-e34dfe1 elementor-widget elementor-widget-image\" data-id=\"e34dfe1\" data-element_type=\"widget\" data-e-type=\"widget\" data-widget_type=\"image.default\">\n\t\t\t\t<div class=\"elementor-widget-container\">\n\t\t\t\t\t\t\t\t\t\t\t\t\t\t\t<img decoding=\"async\" src=\"https:\/\/www.ipkagro.sk\/wp-content\/uploads\/elementor\/thumbs\/logo_limagrain_300-q8kthlgupwmxssr0aj61georp6gk7qrgdqsbrji7e0.jpg\" title=\"Logo Limagrain 300\" alt=\"Logo Limagrain 300\" loading=\"lazy\" \/>\t\t\t\t\t\t\t\t\t\t\t\t\t\t\t<\/div>\n\t\t\t\t<\/div>\n\t\t\t\t\t<\/div>\n\t\t<\/div>\n\t\t\t\t<div class=\"elementor-column elementor-col-50 elementor-top-column elementor-element elementor-element-23df759\" data-id=\"23df759\" data-element_type=\"column\" data-e-type=\"column\">\n\t\t\t<div class=\"elementor-widget-wrap elementor-element-populated\">\n\t\t\t\t\t\t<div class=\"elementor-element elementor-element-9fe3920 elementor-widget elementor-widget-image-gallery\" data-id=\"9fe3920\" data-element_type=\"widget\" data-e-type=\"widget\" data-widget_type=\"image-gallery.default\">\n\t\t\t\t<div class=\"elementor-widget-container\">\n\t\t\t\t\t\t\t<div class=\"elementor-image-gallery\">\n\t\t\t<div class=\"wpmf-gallerys wpmf-gallerys-life\"><div id=\"gallery-2\" class=\"gallery gallery_life wpmf_gallery_default gallery_default gallery-columns-2 gallery-size-medium_large gallery-link-file wpmf-has-border-radius-0 wpmf-gutterwidth-5\" data-lightbox-items=\"[{&quot;src&quot;:&quot;https:\\\/\\\/www.ipkagro.sk\\\/wp-content\\\/uploads\\\/2024\\\/11\\\/jacmen_slovan_stranka.jpg&quot;,&quot;type&quot;:&quot;image&quot;,&quot;title&quot;:&quot;Jacmen Slovan Stranka&quot;},{&quot;src&quot;:&quot;https:\\\/\\\/www.ipkagro.sk\\\/wp-content\\\/uploads\\\/2024\\\/11\\\/obilniny_jacmen_jarny_sladovnicky_slovan_SAN_2322_1600-1024x683.jpg&quot;,&quot;type&quot;:&quot;image&quot;,&quot;title&quot;:&quot;Obilniny Jacmen Jarny Sladovnicky Slovan SAN 2322 1600&quot;},{&quot;src&quot;:&quot;https:\\\/\\\/www.ipkagro.sk\\\/wp-content\\\/uploads\\\/2024\\\/11\\\/obilniny_jacmen_jarny_sladovnicky_slovan_SAN_2303_1600-1024x683.jpg&quot;,&quot;type&quot;:&quot;image&quot;,&quot;title&quot;:&quot;Obilniny Jacmen Jarny Sladovnicky Slovan SAN 2303 1600&quot;},{&quot;src&quot;:&quot;https:\\\/\\\/www.ipkagro.sk\\\/wp-content\\\/uploads\\\/2024\\\/11\\\/obilniny_jacmen_jarny_krmny_slovan_SAN_2296_1600-1024x683.jpg&quot;,&quot;type&quot;:&quot;image&quot;,&quot;title&quot;:&quot;Obilniny Jacmen Jarny Krmny Slovan SAN 2296 1600&quot;}]\"><figure class=\"wpmf-gallery-item\" data-index=\"0\"><div class=\"wpmf-gallery-icon\"><a class=\" not_video\" data-lightbox=\"1\" href=\"https:\/\/www.ipkagro.sk\/wp-content\/uploads\/2024\/11\/jacmen_slovan_stranka.jpg\" data-title=\"Jacmen Slovan Stranka\" target=\"_self\"><img loading=\"lazy\" decoding=\"async\" width=\"536\" height=\"625\" src=\"https:\/\/www.ipkagro.sk\/wp-content\/uploads\/2024\/11\/jacmen_slovan_stranka.jpg\" class=\"attachment-medium_large size-medium_large\" alt=\"\" data-type=\"wpmfgalleryimg\" data-lazy-src=\"0\" srcset=\"https:\/\/www.ipkagro.sk\/wp-content\/uploads\/2024\/11\/jacmen_slovan_stranka.jpg 536w, https:\/\/www.ipkagro.sk\/wp-content\/uploads\/2024\/11\/jacmen_slovan_stranka-257x300.jpg 257w, https:\/\/www.ipkagro.sk\/wp-content\/uploads\/2024\/11\/jacmen_slovan_stranka-10x12.jpg 10w\" sizes=\"(max-width: 536px) 100vw, 536px\" \/><\/a><\/div><\/figure><figure class=\"wpmf-gallery-item\" data-index=\"1\"><div class=\"wpmf-gallery-icon\"><a class=\" not_video\" data-lightbox=\"1\" href=\"https:\/\/www.ipkagro.sk\/wp-content\/uploads\/2024\/11\/obilniny_jacmen_jarny_sladovnicky_slovan_SAN_2322_1600-1024x683.jpg\" data-title=\"Obilniny Jacmen Jarny Sladovnicky Slovan SAN 2322 1600\" target=\"_self\"><img loading=\"lazy\" decoding=\"async\" width=\"768\" height=\"512\" src=\"https:\/\/www.ipkagro.sk\/wp-content\/uploads\/2024\/11\/obilniny_jacmen_jarny_sladovnicky_slovan_SAN_2322_1600-768x512.jpg\" class=\"attachment-medium_large size-medium_large\" alt=\"\" data-type=\"wpmfgalleryimg\" data-lazy-src=\"0\" srcset=\"https:\/\/www.ipkagro.sk\/wp-content\/uploads\/2024\/11\/obilniny_jacmen_jarny_sladovnicky_slovan_SAN_2322_1600-768x512.jpg 768w, https:\/\/www.ipkagro.sk\/wp-content\/uploads\/2024\/11\/obilniny_jacmen_jarny_sladovnicky_slovan_SAN_2322_1600-300x200.jpg 300w, https:\/\/www.ipkagro.sk\/wp-content\/uploads\/2024\/11\/obilniny_jacmen_jarny_sladovnicky_slovan_SAN_2322_1600-1024x683.jpg 1024w, https:\/\/www.ipkagro.sk\/wp-content\/uploads\/2024\/11\/obilniny_jacmen_jarny_sladovnicky_slovan_SAN_2322_1600-1536x1024.jpg 1536w, https:\/\/www.ipkagro.sk\/wp-content\/uploads\/2024\/11\/obilniny_jacmen_jarny_sladovnicky_slovan_SAN_2322_1600-18x12.jpg 18w, https:\/\/www.ipkagro.sk\/wp-content\/uploads\/2024\/11\/obilniny_jacmen_jarny_sladovnicky_slovan_SAN_2322_1600.jpg 1600w\" sizes=\"(max-width: 768px) 100vw, 768px\" \/><\/a><\/div><\/figure><figure class=\"wpmf-gallery-item\" data-index=\"2\"><div class=\"wpmf-gallery-icon\"><a class=\" not_video\" data-lightbox=\"1\" href=\"https:\/\/www.ipkagro.sk\/wp-content\/uploads\/2024\/11\/obilniny_jacmen_jarny_sladovnicky_slovan_SAN_2303_1600-1024x683.jpg\" data-title=\"Obilniny Jacmen Jarny Sladovnicky Slovan SAN 2303 1600\" target=\"_self\"><img loading=\"lazy\" decoding=\"async\" width=\"768\" height=\"512\" src=\"https:\/\/www.ipkagro.sk\/wp-content\/uploads\/2024\/11\/obilniny_jacmen_jarny_sladovnicky_slovan_SAN_2303_1600-768x512.jpg\" class=\"attachment-medium_large size-medium_large\" alt=\"\" data-type=\"wpmfgalleryimg\" data-lazy-src=\"0\" srcset=\"https:\/\/www.ipkagro.sk\/wp-content\/uploads\/2024\/11\/obilniny_jacmen_jarny_sladovnicky_slovan_SAN_2303_1600-768x512.jpg 768w, https:\/\/www.ipkagro.sk\/wp-content\/uploads\/2024\/11\/obilniny_jacmen_jarny_sladovnicky_slovan_SAN_2303_1600-300x200.jpg 300w, https:\/\/www.ipkagro.sk\/wp-content\/uploads\/2024\/11\/obilniny_jacmen_jarny_sladovnicky_slovan_SAN_2303_1600-1024x683.jpg 1024w, https:\/\/www.ipkagro.sk\/wp-content\/uploads\/2024\/11\/obilniny_jacmen_jarny_sladovnicky_slovan_SAN_2303_1600-1536x1024.jpg 1536w, https:\/\/www.ipkagro.sk\/wp-content\/uploads\/2024\/11\/obilniny_jacmen_jarny_sladovnicky_slovan_SAN_2303_1600-18x12.jpg 18w, https:\/\/www.ipkagro.sk\/wp-content\/uploads\/2024\/11\/obilniny_jacmen_jarny_sladovnicky_slovan_SAN_2303_1600.jpg 1600w\" sizes=\"(max-width: 768px) 100vw, 768px\" \/><\/a><\/div><\/figure><figure class=\"wpmf-gallery-item\" data-index=\"3\"><div class=\"wpmf-gallery-icon\"><a class=\" not_video\" data-lightbox=\"1\" href=\"https:\/\/www.ipkagro.sk\/wp-content\/uploads\/2024\/11\/obilniny_jacmen_jarny_krmny_slovan_SAN_2296_1600-1024x683.jpg\" data-title=\"Obilniny Jacmen Jarny Krmny Slovan SAN 2296 1600\" target=\"_self\"><img loading=\"lazy\" decoding=\"async\" width=\"768\" height=\"512\" src=\"https:\/\/www.ipkagro.sk\/wp-content\/uploads\/2024\/11\/obilniny_jacmen_jarny_krmny_slovan_SAN_2296_1600-768x512.jpg\" class=\"attachment-medium_large size-medium_large\" alt=\"\" data-type=\"wpmfgalleryimg\" data-lazy-src=\"0\" srcset=\"https:\/\/www.ipkagro.sk\/wp-content\/uploads\/2024\/11\/obilniny_jacmen_jarny_krmny_slovan_SAN_2296_1600-768x512.jpg 768w, https:\/\/www.ipkagro.sk\/wp-content\/uploads\/2024\/11\/obilniny_jacmen_jarny_krmny_slovan_SAN_2296_1600-300x200.jpg 300w, https:\/\/www.ipkagro.sk\/wp-content\/uploads\/2024\/11\/obilniny_jacmen_jarny_krmny_slovan_SAN_2296_1600-1024x683.jpg 1024w, https:\/\/www.ipkagro.sk\/wp-content\/uploads\/2024\/11\/obilniny_jacmen_jarny_krmny_slovan_SAN_2296_1600-1536x1024.jpg 1536w, https:\/\/www.ipkagro.sk\/wp-content\/uploads\/2024\/11\/obilniny_jacmen_jarny_krmny_slovan_SAN_2296_1600-18x12.jpg 18w, https:\/\/www.ipkagro.sk\/wp-content\/uploads\/2024\/11\/obilniny_jacmen_jarny_krmny_slovan_SAN_2296_1600.jpg 1600w\" sizes=\"(max-width: 768px) 100vw, 768px\" \/><\/a><\/div><\/figure><\/div><\/div>\t\t<\/div>\n\t\t\t\t\t\t<\/div>\n\t\t\t\t<\/div>\n\t\t\t\t\t<\/div>\n\t\t<\/div>\n\t\t\t\t\t<\/div>\n\t\t<\/section>\n\t\t\t\t<\/div>\n\t\t","protected":false},"excerpt":{"rendered":"<p>Ja\u010dmene Top kvalita certifikovan\u00fdch os\u00edv \u010disten\u00e1 a moren\u00e1 na inovat\u00edvnej linke od nemeckej firmy PETKUS. novinka LG TOSCA Ja\u010dme\u0148 jarn\u00fd naj\u00farodnej\u0161ia obchodovan\u00e1 sladovn\u00edcka odroda skor\u00e1 odno\u017eiv\u00e1 odroda s ve\u013emi dobr\u00fdmi pestovate\u013esk\u00fdmi vlastnos\u0165ami zaraden\u00e1 na Zelenej listine Heineken 2. najpestovanej\u0161ia odroda v SR \u0161pi\u010dkov\u00e1 \u00faroda predn\u00e9ho zrna rezistentn\u00e1 proti m\u00fa\u010dnatke tr\u00e1vovej LG SLOVAN Ja\u010dme\u0148 jarn\u00fd vysok\u00fd &hellip;<\/p>\n<p class=\"read-more\"> <a class=\"\" href=\"https:\/\/www.ipkagro.sk\/en\/jacmene-ponuka-osiv\/\"> <span class=\"screen-reader-text\">Ja\u010dmene &#8211; Ponuka os\u00edv<\/span> Read More &raquo;<\/a><\/p>","protected":false},"author":2,"featured_media":0,"parent":0,"menu_order":0,"comment_status":"closed","ping_status":"closed","template":"","meta":{"site-sidebar-layout":"no-sidebar","site-content-layout":"page-builder","ast-global-header-display":"","ast-banner-title-visibility":"","ast-main-header-display":"","ast-hfb-above-header-display":"","ast-hfb-below-header-display":"","ast-hfb-mobile-header-display":"","site-post-title":"disabled","ast-breadcrumbs-content":"","ast-featured-img":"disabled","footer-sml-layout":"","theme-transparent-header-meta":"enabled","adv-header-id-meta":"","stick-header-meta":"","header-above-stick-meta":"","header-main-stick-meta":"","header-below-stick-meta":"","footnotes":""},"class_list":["post-3036","page","type-page","status-publish","hentry"],"_links":{"self":[{"href":"https:\/\/www.ipkagro.sk\/en\/wp-json\/wp\/v2\/pages\/3036","targetHints":{"allow":["GET"]}}],"collection":[{"href":"https:\/\/www.ipkagro.sk\/en\/wp-json\/wp\/v2\/pages"}],"about":[{"href":"https:\/\/www.ipkagro.sk\/en\/wp-json\/wp\/v2\/types\/page"}],"author":[{"embeddable":true,"href":"https:\/\/www.ipkagro.sk\/en\/wp-json\/wp\/v2\/users\/2"}],"replies":[{"embeddable":true,"href":"https:\/\/www.ipkagro.sk\/en\/wp-json\/wp\/v2\/comments?post=3036"}],"version-history":[{"count":6,"href":"https:\/\/www.ipkagro.sk\/en\/wp-json\/wp\/v2\/pages\/3036\/revisions"}],"predecessor-version":[{"id":3066,"href":"https:\/\/www.ipkagro.sk\/en\/wp-json\/wp\/v2\/pages\/3036\/revisions\/3066"}],"wp:attachment":[{"href":"https:\/\/www.ipkagro.sk\/en\/wp-json\/wp\/v2\/media?parent=3036"}],"curies":[{"name":"wp","href":"https:\/\/api.w.org\/{rel}","templated":true}]}}