{"id":14,"date":"2017-07-11T06:30:12","date_gmt":"2017-07-11T06:30:12","guid":{"rendered":"https:\/\/www.ipkagro.sk\/gallery\/"},"modified":"2020-09-14T21:19:02","modified_gmt":"2020-09-14T19:19:02","slug":"praca-v-ipk-agro","status":"publish","type":"page","link":"https:\/\/www.ipkagro.sk\/en\/praca-v-ipk-agro\/","title":{"rendered":"Career"},"content":{"rendered":"\t\t<div data-elementor-type=\"wp-post\" data-elementor-id=\"14\" class=\"elementor elementor-14\">\n\t\t\t\t\t\t<section class=\"elementor-section elementor-top-section elementor-element elementor-element-30e8d07 elementor-section-boxed elementor-section-height-default elementor-section-height-default\" data-id=\"30e8d07\" data-element_type=\"section\" data-e-type=\"section\" data-settings=\"{&quot;background_background&quot;:&quot;classic&quot;}\">\n\t\t\t\t\t\t\t<div class=\"elementor-background-overlay\"><\/div>\n\t\t\t\t\t\t\t<div class=\"elementor-container elementor-column-gap-no\">\n\t\t\t\t\t<div class=\"elementor-column elementor-col-100 elementor-top-column elementor-element elementor-element-b6ce7e3\" data-id=\"b6ce7e3\" data-element_type=\"column\" data-e-type=\"column\">\n\t\t\t<div class=\"elementor-widget-wrap elementor-element-populated\">\n\t\t\t\t\t\t\t<\/div>\n\t\t<\/div>\n\t\t\t\t\t<\/div>\n\t\t<\/section>\n\t\t\t\t<section class=\"elementor-section elementor-top-section elementor-element elementor-element-66aa0e3 elementor-section-boxed elementor-section-height-default elementor-section-height-default\" data-id=\"66aa0e3\" data-element_type=\"section\" data-e-type=\"section\">\n\t\t\t\t\t\t<div class=\"elementor-container elementor-column-gap-default\">\n\t\t\t\t\t<div class=\"elementor-column elementor-col-50 elementor-top-column elementor-element elementor-element-71d96b3\" data-id=\"71d96b3\" data-element_type=\"column\" data-e-type=\"column\">\n\t\t\t<div class=\"elementor-widget-wrap elementor-element-populated\">\n\t\t\t\t\t\t<div class=\"elementor-element elementor-element-229b20a elementor-widget elementor-widget-heading\" data-id=\"229b20a\" data-element_type=\"widget\" data-e-type=\"widget\" data-widget_type=\"heading.default\">\n\t\t\t\t<div class=\"elementor-widget-container\">\n\t\t\t\t\t<h2 class=\"elementor-heading-title elementor-size-default\">Bu\u010fte s\u00fa\u010das\u0165ou t\u00edmu<br>IPK AGRO<\/h2>\t\t\t\t<\/div>\n\t\t\t\t<\/div>\n\t\t\t\t<div class=\"elementor-element elementor-element-d5c6f36 elementor-widget-divider--view-line elementor-widget elementor-widget-divider\" data-id=\"d5c6f36\" data-element_type=\"widget\" data-e-type=\"widget\" data-widget_type=\"divider.default\">\n\t\t\t\t<div class=\"elementor-widget-container\">\n\t\t\t\t\t\t\t<div class=\"elementor-divider\">\n\t\t\t<span class=\"elementor-divider-separator\">\n\t\t\t\t\t\t<\/span>\n\t\t<\/div>\n\t\t\t\t\t\t<\/div>\n\t\t\t\t<\/div>\n\t\t\t\t<div class=\"elementor-element elementor-element-dd45e3f elementor-widget elementor-widget-text-editor\" data-id=\"dd45e3f\" data-element_type=\"widget\" data-e-type=\"widget\" data-widget_type=\"text-editor.default\">\n\t\t\t\t<div class=\"elementor-widget-container\">\n\t\t\t\t\t\t\t\t\t<h5>Ak sa V\u00e1m p\u00e1\u010di pr\u00e1ca v tejto oblasti, dajte n\u00e1m o V\u00e1s vedie\u0165<\/h5><h5><a href=\"mailto:info@ipkagro.sk\"><span id=\"cloak154ee89d45490c07d39a1592bb7fdfda\">info@ipkagro.sk<\/span><\/a><\/h5>\t\t\t\t\t\t\t\t<\/div>\n\t\t\t\t<\/div>\n\t\t\t\t\t<\/div>\n\t\t<\/div>\n\t\t\t\t<div class=\"elementor-column elementor-col-50 elementor-top-column elementor-element elementor-element-66893b5\" data-id=\"66893b5\" data-element_type=\"column\" data-e-type=\"column\">\n\t\t\t<div class=\"elementor-widget-wrap elementor-element-populated\">\n\t\t\t\t\t\t<div class=\"elementor-element elementor-element-ec4b413 elementor-widget elementor-widget-image-gallery\" data-id=\"ec4b413\" data-element_type=\"widget\" data-e-type=\"widget\" data-widget_type=\"image-gallery.default\">\n\t\t\t\t<div class=\"elementor-widget-container\">\n\t\t\t\t\t\t\t<div class=\"elementor-image-gallery\">\n\t\t\t<div class=\"wpmf-gallerys wpmf-gallerys-life\"><div id=\"gallery-1\" class=\"gallery gallery_life wpmf_gallery_default gallery_default gallery-columns-3 gallery-size-thumbnail gallery-link-file wpmf-has-border-radius-0 wpmf-gutterwidth-5\" data-lightbox-items=\"[{&quot;src&quot;:&quot;https:\\\/\\\/www.ipkagro.sk\\\/wp-content\\\/uploads\\\/2020\\\/09\\\/003-1024x768.jpg&quot;,&quot;type&quot;:&quot;image&quot;,&quot;title&quot;:&quot;003&quot;},{&quot;src&quot;:&quot;https:\\\/\\\/www.ipkagro.sk\\\/wp-content\\\/uploads\\\/2020\\\/09\\\/004-768x1024.jpg&quot;,&quot;type&quot;:&quot;image&quot;,&quot;title&quot;:&quot;004&quot;},{&quot;src&quot;:&quot;https:\\\/\\\/www.ipkagro.sk\\\/wp-content\\\/uploads\\\/2020\\\/09\\\/ipk_agro_decor_konatelia-1024x683.jpg&quot;,&quot;type&quot;:&quot;image&quot;,&quot;title&quot;:&quot;ipk_agro_decor_konatelia&quot;},{&quot;src&quot;:&quot;https:\\\/\\\/www.ipkagro.sk\\\/wp-content\\\/uploads\\\/2020\\\/09\\\/soja_korus_ipkagro_secovce_02-1024x683.jpg&quot;,&quot;type&quot;:&quot;image&quot;,&quot;title&quot;:&quot;soja_korus_ipkagro_secovce_02&quot;},{&quot;src&quot;:&quot;https:\\\/\\\/www.ipkagro.sk\\\/wp-content\\\/uploads\\\/2020\\\/09\\\/main_header_predaj_a_vyroba_osiv_ipk_agro_secovce_009_b-1024x683.jpg&quot;,&quot;type&quot;:&quot;image&quot;,&quot;title&quot;:&quot;main_header_predaj_a_vyroba_osiv_ipk_agro_secovce_009_b&quot;},{&quot;src&quot;:&quot;https:\\\/\\\/www.ipkagro.sk\\\/wp-content\\\/uploads\\\/2020\\\/09\\\/main_header_predaj_a_vyroba_osiv_ipk_agro_secovce_004-1024x683.jpg&quot;,&quot;type&quot;:&quot;image&quot;,&quot;title&quot;:&quot;main_header_predaj_a_vyroba_osiv_ipk_agro_secovce_004&quot;}]\"><figure class=\"wpmf-gallery-item\" data-index=\"0\"><div class=\"wpmf-gallery-icon\"><a class=\" not_video\" data-lightbox=\"1\" href=\"https:\/\/www.ipkagro.sk\/wp-content\/uploads\/2020\/09\/003-1024x768.jpg\" data-title=\"003\" target=\"_self\"><img decoding=\"async\" width=\"150\" height=\"150\" src=\"https:\/\/www.ipkagro.sk\/wp-content\/uploads\/2020\/09\/003-150x150.jpg\" class=\"attachment-thumbnail size-thumbnail\" alt=\"\" data-type=\"wpmfgalleryimg\" data-lazy-src=\"0\" \/><\/a><\/div><\/figure><figure class=\"wpmf-gallery-item\" data-index=\"1\"><div class=\"wpmf-gallery-icon\"><a class=\" not_video\" data-lightbox=\"1\" href=\"https:\/\/www.ipkagro.sk\/wp-content\/uploads\/2020\/09\/004-768x1024.jpg\" data-title=\"004\" target=\"_self\"><img decoding=\"async\" width=\"150\" height=\"150\" src=\"https:\/\/www.ipkagro.sk\/wp-content\/uploads\/2020\/09\/004-150x150.jpg\" class=\"attachment-thumbnail size-thumbnail\" alt=\"\" data-type=\"wpmfgalleryimg\" data-lazy-src=\"0\" \/><\/a><\/div><\/figure><figure class=\"wpmf-gallery-item\" data-index=\"2\"><div class=\"wpmf-gallery-icon\"><a class=\" not_video\" data-lightbox=\"1\" href=\"https:\/\/www.ipkagro.sk\/wp-content\/uploads\/2020\/09\/ipk_agro_decor_konatelia-1024x683.jpg\" data-title=\"ipk_agro_decor_konatelia\" target=\"_self\"><img decoding=\"async\" width=\"150\" height=\"150\" src=\"https:\/\/www.ipkagro.sk\/wp-content\/uploads\/2020\/09\/ipk_agro_decor_konatelia-150x150.jpg\" class=\"attachment-thumbnail size-thumbnail\" alt=\"\" data-type=\"wpmfgalleryimg\" data-lazy-src=\"0\" \/><\/a><\/div><\/figure><figure class=\"wpmf-gallery-item\" data-index=\"3\"><div class=\"wpmf-gallery-icon\"><a class=\" not_video\" data-lightbox=\"1\" href=\"https:\/\/www.ipkagro.sk\/wp-content\/uploads\/2020\/09\/soja_korus_ipkagro_secovce_02-1024x683.jpg\" data-title=\"soja_korus_ipkagro_secovce_02\" target=\"_self\"><img loading=\"lazy\" decoding=\"async\" width=\"150\" height=\"150\" src=\"https:\/\/www.ipkagro.sk\/wp-content\/uploads\/2020\/09\/soja_korus_ipkagro_secovce_02-150x150.jpg\" class=\"attachment-thumbnail size-thumbnail\" alt=\"\" data-type=\"wpmfgalleryimg\" data-lazy-src=\"0\" \/><\/a><\/div><\/figure><figure class=\"wpmf-gallery-item\" data-index=\"4\"><div class=\"wpmf-gallery-icon\"><a class=\" not_video\" data-lightbox=\"1\" href=\"https:\/\/www.ipkagro.sk\/wp-content\/uploads\/2020\/09\/main_header_predaj_a_vyroba_osiv_ipk_agro_secovce_009_b-1024x683.jpg\" data-title=\"main_header_predaj_a_vyroba_osiv_ipk_agro_secovce_009_b\" target=\"_self\"><img loading=\"lazy\" decoding=\"async\" width=\"150\" height=\"150\" src=\"https:\/\/www.ipkagro.sk\/wp-content\/uploads\/2020\/09\/main_header_predaj_a_vyroba_osiv_ipk_agro_secovce_009_b-150x150.jpg\" class=\"attachment-thumbnail size-thumbnail\" alt=\"\" data-type=\"wpmfgalleryimg\" data-lazy-src=\"0\" \/><\/a><\/div><\/figure><figure class=\"wpmf-gallery-item\" data-index=\"5\"><div class=\"wpmf-gallery-icon\"><a class=\" not_video\" data-lightbox=\"1\" href=\"https:\/\/www.ipkagro.sk\/wp-content\/uploads\/2020\/09\/main_header_predaj_a_vyroba_osiv_ipk_agro_secovce_004-1024x683.jpg\" data-title=\"main_header_predaj_a_vyroba_osiv_ipk_agro_secovce_004\" target=\"_self\"><img loading=\"lazy\" decoding=\"async\" width=\"150\" height=\"150\" src=\"https:\/\/www.ipkagro.sk\/wp-content\/uploads\/2020\/09\/main_header_predaj_a_vyroba_osiv_ipk_agro_secovce_004-150x150.jpg\" class=\"attachment-thumbnail size-thumbnail\" alt=\"\" data-type=\"wpmfgalleryimg\" data-lazy-src=\"0\" \/><\/a><\/div><\/figure><\/div><\/div>\t\t<\/div>\n\t\t\t\t\t\t<\/div>\n\t\t\t\t<\/div>\n\t\t\t\t\t<\/div>\n\t\t<\/div>\n\t\t\t\t\t<\/div>\n\t\t<\/section>\n\t\t\t\t<\/div>\n\t\t","protected":false},"excerpt":{"rendered":"<p>Bu\u010fte s\u00fa\u010das\u0165ou t\u00edmuIPK AGRO Ak sa V\u00e1m p\u00e1\u010di pr\u00e1ca v tejto oblasti, dajte n\u00e1m o V\u00e1s vedie\u0165 info@ipkagro.sk<\/p>","protected":false},"author":1,"featured_media":0,"parent":0,"menu_order":0,"comment_status":"closed","ping_status":"closed","template":"","meta":{"site-sidebar-layout":"no-sidebar","site-content-layout":"page-builder","ast-global-header-display":"","ast-banner-title-visibility":"","ast-main-header-display":"","ast-hfb-above-header-display":"","ast-hfb-below-header-display":"","ast-hfb-mobile-header-display":"","site-post-title":"disabled","ast-breadcrumbs-content":"","ast-featured-img":"disabled","footer-sml-layout":"","theme-transparent-header-meta":"enabled","adv-header-id-meta":"","stick-header-meta":"","header-above-stick-meta":"","header-main-stick-meta":"","header-below-stick-meta":"","footnotes":""},"class_list":["post-14","page","type-page","status-publish","hentry"],"_links":{"self":[{"href":"https:\/\/www.ipkagro.sk\/en\/wp-json\/wp\/v2\/pages\/14","targetHints":{"allow":["GET"]}}],"collection":[{"href":"https:\/\/www.ipkagro.sk\/en\/wp-json\/wp\/v2\/pages"}],"about":[{"href":"https:\/\/www.ipkagro.sk\/en\/wp-json\/wp\/v2\/types\/page"}],"author":[{"embeddable":true,"href":"https:\/\/www.ipkagro.sk\/en\/wp-json\/wp\/v2\/users\/1"}],"replies":[{"embeddable":true,"href":"https:\/\/www.ipkagro.sk\/en\/wp-json\/wp\/v2\/comments?post=14"}],"version-history":[{"count":6,"href":"https:\/\/www.ipkagro.sk\/en\/wp-json\/wp\/v2\/pages\/14\/revisions"}],"predecessor-version":[{"id":1863,"href":"https:\/\/www.ipkagro.sk\/en\/wp-json\/wp\/v2\/pages\/14\/revisions\/1863"}],"wp:attachment":[{"href":"https:\/\/www.ipkagro.sk\/en\/wp-json\/wp\/v2\/media?parent=14"}],"curies":[{"name":"wp","href":"https:\/\/api.w.org\/{rel}","templated":true}]}}