{"id":12,"date":"2017-07-11T06:30:09","date_gmt":"2017-07-11T06:30:09","guid":{"rendered":"https:\/\/www.ipkagro.sk\/about\/"},"modified":"2021-12-03T12:40:14","modified_gmt":"2021-12-03T11:40:14","slug":"vyroba-osiv","status":"publish","type":"page","link":"https:\/\/www.ipkagro.sk\/en\/vyroba-osiv\/","title":{"rendered":"Seed production"},"content":{"rendered":"\t\t<div data-elementor-type=\"wp-post\" data-elementor-id=\"12\" class=\"elementor elementor-12\">\n\t\t\t\t\t\t<section class=\"elementor-section elementor-top-section elementor-element elementor-element-3efc614 elementor-section-boxed elementor-section-height-default elementor-section-height-default\" data-id=\"3efc614\" data-element_type=\"section\" data-e-type=\"section\" data-settings=\"{&quot;background_background&quot;:&quot;classic&quot;}\">\n\t\t\t\t\t\t\t<div class=\"elementor-background-overlay\"><\/div>\n\t\t\t\t\t\t\t<div class=\"elementor-container elementor-column-gap-no\">\n\t\t\t\t\t<div class=\"elementor-column elementor-col-100 elementor-top-column elementor-element elementor-element-873ac0e\" data-id=\"873ac0e\" data-element_type=\"column\" data-e-type=\"column\">\n\t\t\t<div class=\"elementor-widget-wrap\">\n\t\t\t\t\t\t\t<\/div>\n\t\t<\/div>\n\t\t\t\t\t<\/div>\n\t\t<\/section>\n\t\t\t\t<section class=\"elementor-section elementor-top-section elementor-element elementor-element-ace6056 elementor-section-boxed elementor-section-height-default elementor-section-height-default\" data-id=\"ace6056\" data-element_type=\"section\" data-e-type=\"section\">\n\t\t\t\t\t\t<div class=\"elementor-container elementor-column-gap-no\">\n\t\t\t\t\t<div class=\"elementor-column elementor-col-50 elementor-top-column elementor-element elementor-element-08fcfe5\" data-id=\"08fcfe5\" data-element_type=\"column\" data-e-type=\"column\">\n\t\t\t<div class=\"elementor-widget-wrap elementor-element-populated\">\n\t\t\t\t\t\t<div class=\"elementor-element elementor-element-11ff0f6 elementor-widget elementor-widget-image\" data-id=\"11ff0f6\" data-element_type=\"widget\" data-e-type=\"widget\" data-widget_type=\"image.default\">\n\t\t\t\t<div class=\"elementor-widget-container\">\n\t\t\t\t\t\t\t\t\t\t\t\t\t\t\t\t<a href=\"https:\/\/www.ipkagro.sk\/wp-content\/uploads\/2021\/12\/sidlo_ipk_agro_secovce_005_small.jpg\" data-elementor-open-lightbox=\"yes\" data-elementor-lightbox-title=\"sidlo_ipk_agro_secovce_005_small\" data-e-action-hash=\"#elementor-action%3Aaction%3Dlightbox%26settings%3DeyJpZCI6MjEwNSwidXJsIjoiaHR0cHM6XC9cL3d3dy5pcGthZ3JvLnNrXC93cC1jb250ZW50XC91cGxvYWRzXC8yMDIxXC8xMlwvc2lkbG9faXBrX2Fncm9fc2Vjb3ZjZV8wMDVfc21hbGwuanBnIn0%3D\">\n\t\t\t\t\t\t\t<img fetchpriority=\"high\" decoding=\"async\" width=\"1920\" height=\"1440\" src=\"https:\/\/www.ipkagro.sk\/wp-content\/uploads\/2021\/12\/sidlo_ipk_agro_secovce_005_small.jpg\" class=\"attachment-full size-full wp-image-2105\" alt=\"\" srcset=\"https:\/\/www.ipkagro.sk\/wp-content\/uploads\/2021\/12\/sidlo_ipk_agro_secovce_005_small.jpg 1920w, https:\/\/www.ipkagro.sk\/wp-content\/uploads\/2021\/12\/sidlo_ipk_agro_secovce_005_small-300x225.jpg 300w, https:\/\/www.ipkagro.sk\/wp-content\/uploads\/2021\/12\/sidlo_ipk_agro_secovce_005_small-1024x768.jpg 1024w, https:\/\/www.ipkagro.sk\/wp-content\/uploads\/2021\/12\/sidlo_ipk_agro_secovce_005_small-768x576.jpg 768w, https:\/\/www.ipkagro.sk\/wp-content\/uploads\/2021\/12\/sidlo_ipk_agro_secovce_005_small-1536x1152.jpg 1536w, https:\/\/www.ipkagro.sk\/wp-content\/uploads\/2021\/12\/sidlo_ipk_agro_secovce_005_small-16x12.jpg 16w\" sizes=\"(max-width: 1920px) 100vw, 1920px\" \/>\t\t\t\t\t\t\t\t<\/a>\n\t\t\t\t\t\t\t\t\t\t\t\t\t\t\t<\/div>\n\t\t\t\t<\/div>\n\t\t\t\t\t<\/div>\n\t\t<\/div>\n\t\t\t\t<div class=\"elementor-column elementor-col-50 elementor-top-column elementor-element elementor-element-6abf76f\" data-id=\"6abf76f\" data-element_type=\"column\" data-e-type=\"column\">\n\t\t\t<div class=\"elementor-widget-wrap elementor-element-populated\">\n\t\t\t\t\t\t<div class=\"elementor-element elementor-element-c06c4a3 elementor-widget elementor-widget-heading\" data-id=\"c06c4a3\" data-element_type=\"widget\" data-e-type=\"widget\" data-widget_type=\"heading.default\">\n\t\t\t\t<div class=\"elementor-widget-container\">\n\t\t\t\t\t<h3 class=\"elementor-heading-title elementor-size-default\">Nov\u00fd are\u00e1l v\u00fdroby certifikovan\u00fdch os\u00edv IPK AGRO v Se\u010dovciach<\/h3>\t\t\t\t<\/div>\n\t\t\t\t<\/div>\n\t\t\t\t<div class=\"elementor-element elementor-element-59988f7 elementor-widget-divider--view-line elementor-widget elementor-widget-divider\" data-id=\"59988f7\" data-element_type=\"widget\" data-e-type=\"widget\" data-widget_type=\"divider.default\">\n\t\t\t\t<div class=\"elementor-widget-container\">\n\t\t\t\t\t\t\t<div class=\"elementor-divider\">\n\t\t\t<span class=\"elementor-divider-separator\">\n\t\t\t\t\t\t<\/span>\n\t\t<\/div>\n\t\t\t\t\t\t<\/div>\n\t\t\t\t<\/div>\n\t\t\t\t<div class=\"elementor-element elementor-element-14b4ddb elementor-widget elementor-widget-text-editor\" data-id=\"14b4ddb\" data-element_type=\"widget\" data-e-type=\"widget\" data-widget_type=\"text-editor.default\">\n\t\t\t\t<div class=\"elementor-widget-container\">\n\t\t\t\t\t\t\t\t\t<p>Na\u0161e dlhoro\u010dn\u00e9 sk\u00fasenosti v oblasti v\u00fdroby a spracovania os\u00edv, s\u00f3je, obiln\u00edn a in\u00fdch plod\u00edn sme v IPK AGRO spe\u010datili v\u00fdstavbou \u00faplne nov\u00e9ho are\u00e1lu na spracovanie certifikovan\u00fdch os\u00edv v Se\u010dovciach. Na\u0161e produkty tak spl\u0148aj\u00fa tie najpr\u00edsnej\u0161ie krit\u00e9ria kvality.<\/p>\t\t\t\t\t\t\t\t<\/div>\n\t\t\t\t<\/div>\n\t\t\t\t<div class=\"elementor-element elementor-element-3d22625 elementor-mobile-align-center elementor-widget elementor-widget-button\" data-id=\"3d22625\" data-element_type=\"widget\" data-e-type=\"widget\" data-widget_type=\"button.default\">\n\t\t\t\t<div class=\"elementor-widget-container\">\n\t\t\t\t\t\t\t\t\t<div class=\"elementor-button-wrapper\">\n\t\t\t\t\t<a class=\"elementor-button elementor-button-link elementor-size-sm\" href=\"\/kontakt-ipk-agro-vyroba-certifikovanych-osiv\">\n\t\t\t\t\t\t<span class=\"elementor-button-content-wrapper\">\n\t\t\t\t\t\t\t\t\t<span class=\"elementor-button-text\">Kontaktujte n\u00e1s<\/span>\n\t\t\t\t\t<\/span>\n\t\t\t\t\t<\/a>\n\t\t\t\t<\/div>\n\t\t\t\t\t\t\t\t<\/div>\n\t\t\t\t<\/div>\n\t\t\t\t\t<\/div>\n\t\t<\/div>\n\t\t\t\t\t<\/div>\n\t\t<\/section>\n\t\t\t\t<section class=\"elementor-section elementor-top-section elementor-element elementor-element-bbc56b7 elementor-section-boxed elementor-section-height-default elementor-section-height-default\" data-id=\"bbc56b7\" data-element_type=\"section\" data-e-type=\"section\">\n\t\t\t\t\t\t<div class=\"elementor-container elementor-column-gap-default\">\n\t\t\t\t\t<div class=\"elementor-column elementor-col-100 elementor-top-column elementor-element elementor-element-784437b\" data-id=\"784437b\" data-element_type=\"column\" data-e-type=\"column\">\n\t\t\t<div class=\"elementor-widget-wrap elementor-element-populated\">\n\t\t\t\t\t\t<div class=\"elementor-element elementor-element-0193de8 elementor-widget elementor-widget-image-gallery\" data-id=\"0193de8\" data-element_type=\"widget\" data-e-type=\"widget\" data-widget_type=\"image-gallery.default\">\n\t\t\t\t<div class=\"elementor-widget-container\">\n\t\t\t\t\t\t\t<div class=\"elementor-image-gallery\">\n\t\t\t<div class=\"wpmf-gallerys wpmf-gallerys-life\"><div id=\"gallery-1\" class=\"gallery gallery_life wpmf_gallery_default gallery_default gallery-columns-5 gallery-size-thumbnail gallery-link-file wpmf-has-border-radius-0 wpmf-gutterwidth-5\" data-lightbox-items=\"[{&quot;src&quot;:&quot;https:\\\/\\\/www.ipkagro.sk\\\/wp-content\\\/uploads\\\/2020\\\/09\\\/decor_predaj_a_vyroba_osiv_ipk_agro_secovce_008-1024x682.jpg&quot;,&quot;type&quot;:&quot;image&quot;,&quot;title&quot;:&quot;decor_predaj_a_vyroba_osiv_ipk_agro_secovce_008&quot;},{&quot;src&quot;:&quot;https:\\\/\\\/www.ipkagro.sk\\\/wp-content\\\/uploads\\\/2020\\\/09\\\/decor_predaj_a_vyroba_osiv_ipk_agro_secovce_006-1024x682.jpg&quot;,&quot;type&quot;:&quot;image&quot;,&quot;title&quot;:&quot;decor_predaj_a_vyroba_osiv_ipk_agro_secovce_006&quot;},{&quot;src&quot;:&quot;https:\\\/\\\/www.ipkagro.sk\\\/wp-content\\\/uploads\\\/2020\\\/09\\\/004-768x1024.jpg&quot;,&quot;type&quot;:&quot;image&quot;,&quot;title&quot;:&quot;004&quot;},{&quot;src&quot;:&quot;https:\\\/\\\/www.ipkagro.sk\\\/wp-content\\\/uploads\\\/2020\\\/09\\\/main_header_predaj_a_vyroba_osiv_ipk_agro_secovce_009_c-e1682354488242-1024x407.jpg&quot;,&quot;type&quot;:&quot;image&quot;,&quot;title&quot;:&quot;main_header_predaj_a_vyroba_osiv_ipk_agro_secovce_009_c&quot;},{&quot;src&quot;:&quot;https:\\\/\\\/www.ipkagro.sk\\\/wp-content\\\/uploads\\\/2020\\\/12\\\/nasypny_kos_ipk_agro_secovce-768x1024.jpg&quot;,&quot;type&quot;:&quot;image&quot;,&quot;title&quot;:&quot;nasypny_kos_ipk_agro_secovce&quot;}]\"><figure class=\"wpmf-gallery-item\" data-index=\"0\"><div class=\"wpmf-gallery-icon\"><a class=\" not_video\" data-lightbox=\"1\" href=\"https:\/\/www.ipkagro.sk\/wp-content\/uploads\/2020\/09\/decor_predaj_a_vyroba_osiv_ipk_agro_secovce_008-1024x682.jpg\" data-title=\"decor_predaj_a_vyroba_osiv_ipk_agro_secovce_008\" target=\"_self\"><img decoding=\"async\" width=\"150\" height=\"150\" src=\"https:\/\/www.ipkagro.sk\/wp-content\/uploads\/2020\/09\/decor_predaj_a_vyroba_osiv_ipk_agro_secovce_008-150x150.jpg\" class=\"attachment-thumbnail size-thumbnail\" alt=\"\" data-type=\"wpmfgalleryimg\" data-lazy-src=\"0\" \/><\/a><\/div><\/figure><figure class=\"wpmf-gallery-item\" data-index=\"1\"><div class=\"wpmf-gallery-icon\"><a class=\" not_video\" data-lightbox=\"1\" href=\"https:\/\/www.ipkagro.sk\/wp-content\/uploads\/2020\/09\/decor_predaj_a_vyroba_osiv_ipk_agro_secovce_006-1024x682.jpg\" data-title=\"decor_predaj_a_vyroba_osiv_ipk_agro_secovce_006\" target=\"_self\"><img decoding=\"async\" width=\"150\" height=\"150\" src=\"https:\/\/www.ipkagro.sk\/wp-content\/uploads\/2020\/09\/decor_predaj_a_vyroba_osiv_ipk_agro_secovce_006-150x150.jpg\" class=\"attachment-thumbnail size-thumbnail\" alt=\"\" data-type=\"wpmfgalleryimg\" data-lazy-src=\"0\" \/><\/a><\/div><\/figure><figure class=\"wpmf-gallery-item\" data-index=\"2\"><div class=\"wpmf-gallery-icon\"><a class=\" not_video\" data-lightbox=\"1\" href=\"https:\/\/www.ipkagro.sk\/wp-content\/uploads\/2020\/09\/004-768x1024.jpg\" data-title=\"004\" target=\"_self\"><img loading=\"lazy\" decoding=\"async\" width=\"150\" height=\"150\" src=\"https:\/\/www.ipkagro.sk\/wp-content\/uploads\/2020\/09\/004-150x150.jpg\" class=\"attachment-thumbnail size-thumbnail\" alt=\"\" data-type=\"wpmfgalleryimg\" data-lazy-src=\"0\" \/><\/a><\/div><\/figure><figure class=\"wpmf-gallery-item\" data-index=\"3\"><div class=\"wpmf-gallery-icon\"><a class=\" not_video\" data-lightbox=\"1\" href=\"https:\/\/www.ipkagro.sk\/wp-content\/uploads\/2020\/09\/main_header_predaj_a_vyroba_osiv_ipk_agro_secovce_009_c-e1682354488242-1024x407.jpg\" data-title=\"main_header_predaj_a_vyroba_osiv_ipk_agro_secovce_009_c\" target=\"_self\"><img loading=\"lazy\" decoding=\"async\" width=\"150\" height=\"150\" src=\"https:\/\/www.ipkagro.sk\/wp-content\/uploads\/2020\/09\/main_header_predaj_a_vyroba_osiv_ipk_agro_secovce_009_c-e1682354488242-150x150.jpg\" class=\"attachment-thumbnail size-thumbnail\" alt=\"\" data-type=\"wpmfgalleryimg\" data-lazy-src=\"0\" \/><\/a><\/div><\/figure><figure class=\"wpmf-gallery-item\" data-index=\"4\"><div class=\"wpmf-gallery-icon\"><a class=\" not_video\" data-lightbox=\"1\" href=\"https:\/\/www.ipkagro.sk\/wp-content\/uploads\/2020\/12\/nasypny_kos_ipk_agro_secovce-768x1024.jpg\" data-title=\"nasypny_kos_ipk_agro_secovce\" target=\"_self\"><img loading=\"lazy\" decoding=\"async\" width=\"150\" height=\"150\" src=\"https:\/\/www.ipkagro.sk\/wp-content\/uploads\/2020\/12\/nasypny_kos_ipk_agro_secovce-150x150.jpg\" class=\"attachment-thumbnail size-thumbnail\" alt=\"\" data-type=\"wpmfgalleryimg\" data-lazy-src=\"0\" \/><\/a><\/div><\/figure><\/div><\/div>\t\t<\/div>\n\t\t\t\t\t\t<\/div>\n\t\t\t\t<\/div>\n\t\t\t\t\t<\/div>\n\t\t<\/div>\n\t\t\t\t\t<\/div>\n\t\t<\/section>\n\t\t\t\t<\/div>\n\t\t","protected":false},"excerpt":{"rendered":"<p>Nov\u00fd are\u00e1l v\u00fdroby certifikovan\u00fdch os\u00edv IPK AGRO v Se\u010dovciach Na\u0161e dlhoro\u010dn\u00e9 sk\u00fasenosti v oblasti v\u00fdroby a spracovania os\u00edv, s\u00f3je, obiln\u00edn a in\u00fdch plod\u00edn sme v IPK AGRO spe\u010datili v\u00fdstavbou \u00faplne nov\u00e9ho are\u00e1lu na spracovanie certifikovan\u00fdch os\u00edv v Se\u010dovciach. Na\u0161e produkty tak spl\u0148aj\u00fa tie najpr\u00edsnej\u0161ie krit\u00e9ria kvality. Kontaktujte n\u00e1s<\/p>","protected":false},"author":1,"featured_media":0,"parent":0,"menu_order":0,"comment_status":"closed","ping_status":"closed","template":"","meta":{"site-sidebar-layout":"no-sidebar","site-content-layout":"page-builder","ast-global-header-display":"","ast-banner-title-visibility":"","ast-main-header-display":"","ast-hfb-above-header-display":"","ast-hfb-below-header-display":"","ast-hfb-mobile-header-display":"","site-post-title":"disabled","ast-breadcrumbs-content":"","ast-featured-img":"disabled","footer-sml-layout":"","theme-transparent-header-meta":"enabled","adv-header-id-meta":"","stick-header-meta":"","header-above-stick-meta":"","header-main-stick-meta":"","header-below-stick-meta":"","footnotes":""},"class_list":["post-12","page","type-page","status-publish","hentry"],"_links":{"self":[{"href":"https:\/\/www.ipkagro.sk\/en\/wp-json\/wp\/v2\/pages\/12","targetHints":{"allow":["GET"]}}],"collection":[{"href":"https:\/\/www.ipkagro.sk\/en\/wp-json\/wp\/v2\/pages"}],"about":[{"href":"https:\/\/www.ipkagro.sk\/en\/wp-json\/wp\/v2\/types\/page"}],"author":[{"embeddable":true,"href":"https:\/\/www.ipkagro.sk\/en\/wp-json\/wp\/v2\/users\/1"}],"replies":[{"embeddable":true,"href":"https:\/\/www.ipkagro.sk\/en\/wp-json\/wp\/v2\/comments?post=12"}],"version-history":[{"count":6,"href":"https:\/\/www.ipkagro.sk\/en\/wp-json\/wp\/v2\/pages\/12\/revisions"}],"predecessor-version":[{"id":2111,"href":"https:\/\/www.ipkagro.sk\/en\/wp-json\/wp\/v2\/pages\/12\/revisions\/2111"}],"wp:attachment":[{"href":"https:\/\/www.ipkagro.sk\/en\/wp-json\/wp\/v2\/media?parent=12"}],"curies":[{"name":"wp","href":"https:\/\/api.w.org\/{rel}","templated":true}]}}